
{"id":2618,"date":"2025-03-30T14:04:33","date_gmt":"2025-03-30T12:04:33","guid":{"rendered":"https:\/\/www.forum-museumsinsel.de\/art\/"},"modified":"2026-03-12T15:44:59","modified_gmt":"2026-03-12T14:44:59","slug":"art","status":"publish","type":"page","link":"https:\/\/www.forum-museumsinsel.de\/en\/art\/","title":{"rendered":"Art"},"content":{"rendered":"<p>[et_pb_section fb_built=&#8221;1&#8243; _builder_version=&#8221;4.27.4&#8243; _module_preset=&#8221;default&#8221; use_background_color_gradient=&#8221;on&#8221; background_color_gradient_stops=&#8221;rgba(26,26,26,0.2) 0%|rgba(26,26,26,0.2) 100%&#8221; background_color_gradient_overlays_image=&#8221;on&#8221; background_image=&#8221;https:\/\/www.forum-museumsinsel.de\/wp-content\/uploads\/2025\/03\/2024_Jingge-Dong_Enraptured_KOENIG-TELEGRAPHENAMT_Photo-Roman-Maerz.webp&#8221; background_enable_video_mp4=&#8221;off&#8221; height=&#8221;100vh&#8221; custom_margin=&#8221;-30px||||false|false&#8221; custom_padding=&#8221;0px||||false|false&#8221; custom_css_main_element=&#8221;display: flex;&#8221; global_colors_info=&#8221;{}&#8221;][et_pb_row _builder_version=&#8221;4.17.4&#8243; _module_preset=&#8221;default&#8221; global_colors_info=&#8221;{}&#8221;][et_pb_column type=&#8221;4_4&#8243; _builder_version=&#8221;4.17.4&#8243; _module_preset=&#8221;default&#8221; global_colors_info=&#8221;{}&#8221;][et_pb_text admin_label=&#8221;Moderne Kochkunst trifft historische Architektur&#8221; _builder_version=&#8221;4.27.4&#8243; _module_preset=&#8221;default&#8221; header_text_color=&#8221;#FFFFFF&#8221; header_line_height=&#8221;1.2em&#8221; header_2_text_color=&#8221;#FFFFFF&#8221; header_2_font_size=&#8221;62px&#8221; header_2_letter_spacing=&#8221;6px&#8221; header_2_line_height=&#8221;1.3em&#8221; custom_margin=&#8221;||20px||false|false&#8221; header_2_font_size_tablet=&#8221;42px&#8221; header_2_font_size_phone=&#8221;26px&#8221; header_2_font_size_last_edited=&#8221;on|tablet&#8221; header_text_shadow_style=&#8221;preset3&#8243; header_2_text_shadow_style=&#8221;preset3&#8243; global_colors_info=&#8221;{}&#8221;]<\/p>\n<h1 class=\"p1\">An art quarter<br \/>between Museum Island<br \/>and the trendy district<\/h1>\n<p>[\/et_pb_text][\/et_pb_column][\/et_pb_row][\/et_pb_section][et_pb_section fb_built=&#8221;1&#8243; _builder_version=&#8221;4.27.4&#8243; _module_preset=&#8221;default&#8221; background_color=&#8221;#E1E4E0&#8243; custom_padding=&#8221;10px||10px||true|false&#8221; global_colors_info=&#8221;{}&#8221;][et_pb_row _builder_version=&#8221;4.27.4&#8243; _module_preset=&#8221;default&#8221; custom_padding=&#8221;0px||0px||true|false&#8221; global_colors_info=&#8221;{}&#8221;][et_pb_column type=&#8221;4_4&#8243; _builder_version=&#8221;4.27.4&#8243; _module_preset=&#8221;default&#8221; global_colors_info=&#8221;{}&#8221;][et_pb_text _builder_version=&#8221;4.27.4&#8243; _module_preset=&#8221;default&#8221; text_font_size=&#8221;14px&#8221; text_line_height=&#8221;1.6em&#8221; text_orientation=&#8221;right&#8221; global_colors_info=&#8221;{}&#8221;]<\/p>\n<p><em>2024, Jingge Dong, Enraptured | K\u00d6NIG TELEGRAPHENAMT<\/em><br \/><em>Photo: Roman Maerz<\/em><\/p>\n<p>[\/et_pb_text][\/et_pb_column][\/et_pb_row][\/et_pb_section][et_pb_section fb_built=&#8221;1&#8243; _builder_version=&#8221;4.27.4&#8243; _module_preset=&#8221;default&#8221; background_color=&#8221;#E1E4E0&#8243; custom_padding=&#8221;30px||||false|false&#8221; global_colors_info=&#8221;{}&#8221;][et_pb_row column_structure=&#8221;1_3,2_3&#8243; _builder_version=&#8221;4.27.4&#8243; _module_preset=&#8221;default&#8221; custom_margin=&#8221;|auto|20px|auto|false|false&#8221; global_colors_info=&#8221;{}&#8221;][et_pb_column type=&#8221;1_3&#8243; _builder_version=&#8221;4.18.0&#8243; _module_preset=&#8221;default&#8221; global_colors_info=&#8221;{}&#8221;][et_pb_image src=&#8221;https:\/\/www.forum-museumsinsel.de\/wp-content\/uploads\/2025\/03\/initiale-k.svg&#8221; title_text=&#8221;initiale-k&#8221; align=&#8221;center&#8221; _builder_version=&#8221;4.27.4&#8243; _module_preset=&#8221;default&#8221; module_alignment=&#8221;center&#8221; max_height=&#8221;200px&#8221; global_colors_info=&#8221;{}&#8221;][\/et_pb_image][\/et_pb_column][et_pb_column type=&#8221;2_3&#8243; _builder_version=&#8221;4.18.0&#8243; _module_preset=&#8221;default&#8221; global_colors_info=&#8221;{}&#8221;][et_pb_text admin_label=&#8221;Umfangreiche Gastronomie&#8221; _builder_version=&#8221;4.27.4&#8243; _module_preset=&#8221;default&#8221; header_2_font_size=&#8221;42px&#8221; max_width=&#8221;800px&#8221; module_alignment=&#8221;center&#8221; global_colors_info=&#8221;{}&#8221;]<\/p>\n<h2>Kunst im Forum an der Museumsinsel<\/h2>\n<p>[\/et_pb_text][et_pb_text _builder_version=&#8221;4.19.5&#8243; _module_preset=&#8221;default&#8221; max_width=&#8221;800px&#8221; module_alignment=&#8221;center&#8221; custom_margin=&#8221;||35px|||&#8221; global_colors_info=&#8221;{}&#8221;]<\/p>\n<p>The Forum on Museum Island, located between the traditional Bode Museum and the creative gallery district around Auguststrasse and Linienstrasse, is increasingly establishing itself as a new art location \u2013 not least due to the presence of K\u00d6NIG GALERIE, which is making a striking statement here.<\/p>\n<p>[\/et_pb_text][et_pb_text _builder_version=&#8221;4.27.4&#8243; _module_preset=&#8221;default&#8221; max_width=&#8221;800px&#8221; module_alignment=&#8221;center&#8221; custom_margin=&#8221;||35px|||&#8221; global_colors_info=&#8221;{}&#8221;]<\/p>\n<p>The K\u00d6NIG GALERIE has developed into a dynamic platform for contemporary art in Berlin and beyond. Founded in 2002 by Johann K\u00f6nig as &#8220;Johann K\u00f6nig, Berlin,&#8221; the gallery specializes in presenting the works of emerging and established international artists, with a particular focus on younger generations. The program is characterized by interdisciplinary, conceptual approaches and encompasses a broad spectrum of artistic media, from sculpture and painting to video and installation, printmaking, photography, and performance.  <\/p>\n<p>[\/et_pb_text][\/et_pb_column][\/et_pb_row][et_pb_row column_structure=&#8221;1_2,1_2&#8243; _builder_version=&#8221;4.27.4&#8243; _module_preset=&#8221;default&#8221; custom_margin=&#8221;|auto|35px|auto||&#8221; global_colors_info=&#8221;{}&#8221;][et_pb_column type=&#8221;1_2&#8243; _builder_version=&#8221;4.27.4&#8243; _module_preset=&#8221;default&#8221; global_colors_info=&#8221;{}&#8221;][et_pb_image src=&#8221;https:\/\/www.forum-museumsinsel.de\/wp-content\/uploads\/2025\/03\/Koenig_Telegraphenamt_Logo.svg&#8221; title_text=&#8221;Koenig_Telegraphenamt_Logo&#8221; _builder_version=&#8221;4.27.4&#8243; _module_preset=&#8221;default&#8221; max_width=&#8221;570px&#8221; global_colors_info=&#8221;{}&#8221;][\/et_pb_image][\/et_pb_column][et_pb_column type=&#8221;1_2&#8243; _builder_version=&#8221;4.27.4&#8243; _module_preset=&#8221;default&#8221; global_colors_info=&#8221;{}&#8221;][et_pb_button button_url=&#8221;http:\/\/www.koeniggalerie.com&#8221; url_new_window=&#8221;on&#8221; button_text=&#8221;www.koeniggalerie.com&#8221; module_id=&#8221;galerie-link&#8221; _builder_version=&#8221;4.27.4&#8243; _module_preset=&#8221;default&#8221; custom_button=&#8221;on&#8221; button_text_size=&#8221;16px&#8221; button_text_color=&#8221;#1A1A1A&#8221; button_border_color=&#8221;#1A1A1A&#8221; button_border_radius=&#8221;0px&#8221; button_icon=&#8221;&#xf35d;||fa||900&#8243; button_icon_color=&#8221;#1A1A1A&#8221; button_on_hover=&#8221;off&#8221; custom_margin=&#8221;21px|||||&#8221; custom_padding=&#8221;|||0px||&#8221; button_border_color_last_edited=&#8221;off|desktop&#8221; custom_css_main_element=&#8221;border: none;||border-bottom: solid 2px;||padding-bottom: 0;&#8221; global_colors_info=&#8221;{}&#8221; button_border_color__hover_enabled=&#8221;on|desktop&#8221; button_bg_color__hover_enabled=&#8221;on|hover&#8221; button_bg_color__hover=&#8221;RGBA(255,255,255,0)&#8221; button_bg_enable_color__hover=&#8221;on&#8221; button_border_color__hover=&#8221;#8A1002&#8243; custom_css_main_element__hover_enabled=&#8221;on|desktop&#8221; custom_css_main_element__hover=&#8221;border: none!important;||border-bottom: solid 2px!important;||padding-bottom: 0!important;&#8221;][\/et_pb_button][\/et_pb_column][\/et_pb_row][et_pb_row column_structure=&#8221;1_2,1_2&#8243; _builder_version=&#8221;4.27.5&#8243; _module_preset=&#8221;default&#8221; custom_margin=&#8221;|auto|35px|auto|false|false&#8221; custom_padding=&#8221;||40px||false|false&#8221; global_colors_info=&#8221;{}&#8221; custom_css_main_element_last_edited=&#8221;off|desktop&#8221; custom_css_main_element_tablet=&#8221;display: block;&#8221; custom_css_main_element_phone=&#8221;display: block;&#8221;][et_pb_column type=&#8221;1_2&#8243; module_class=&#8221;custom-slider-column-large&#8221; _builder_version=&#8221;4.20.1&#8243; _module_preset=&#8221;default&#8221; background_color=&#8221;RGBA(255,255,255,0)&#8221; custom_padding=&#8221;||||false|false&#8221; border_width_all=&#8221;1px&#8221; border_color_all=&#8221;#8A1002&#8243; global_colors_info=&#8221;{}&#8221; custom_css_main_element_last_edited=&#8221;on|tablet&#8221; custom_css_main_element_phone=&#8221;margin-bottom: 75px;&#8221; custom_css_main_element_tablet=&#8221;margin-bottom: 75px;&#8221;][et_pb_gallery gallery_ids=&#8221;3179,3180,3176,3177,3178,3181&#8243; fullwidth=&#8221;on&#8221; _builder_version=&#8221;4.27.6&#8243; _module_preset=&#8221;default&#8221; custom_margin=&#8221;||0px||false|false&#8221; hover_enabled=&#8221;0&#8243; global_colors_info=&#8221;{}&#8221; sticky_enabled=&#8221;0&#8243;][\/et_pb_gallery][et_pb_text _builder_version=&#8221;4.27.5&#8243; _module_preset=&#8221;default&#8221; custom_margin=&#8221;0px||0px||false|false&#8221; custom_padding=&#8221;20px|20px|20px|20px|false|true&#8221; global_colors_info=&#8221;{}&#8221;]<\/p>\n<p>K\u00d6NIG TELEGRAPHENAMT<br \/>MONBIJOUSTRASSE 13, 10117 BERLIN<\/p>\n<p><strong style=\"text-transform: uppercase;\">Joana Schneider<br \/>EEUWEN<\/strong><\/p>\n<p><strong style=\"text-transform: uppercase;\">March 13 \u2013 May 30, 2026<\/strong><\/p>\n<p>K\u00d6NIG TELEGRAPHENAMT presents EEUWEN by Joana Schneider, the artist&#8217;s first exhibition at the gallery.<\/p>\n<p>Joana Schneider creates textile artworks from recycled materials such as fishing nets, which hover between painting and sculpture, giving rise to organic-looking forms. Her works appear as growing, dreamlike landscapes or fragments of nature. One major work \u2013 WADDENEINLAND \u2013 evokes a landscape that appears as if veiled through dyed textile ropes.<\/p>\n<p>Schneider finds inspiration in the De Slufter dune landscape on Texel, which was created by a historic dike breach and now forms a unique ecosystem. The connection between destruction, transformation, and new life is reflected in her works, which appear both powerful and fragile and can be understood as transitions into imaginary spaces.<\/p>\n<p>&nbsp;<\/p>\n<p>Opening Hours: Thursday \u2013 Saturday, 11 AM \u2013 6 PM<br \/>Contact: <a href=\"mailto:info@koeniggalerie.com\">info@koeniggalerie.com<\/a><\/p>\n<p><em style=\"font-size: 14px;\">Images: <em>Roman M\u00e4rz \u00a9 Courtesy of the artist and K\u00d6NIG GALERIE<\/em><\/em><\/p>\n<p>[\/et_pb_text][et_pb_button button_url=&#8221;https:\/\/www.koeniggalerie.com\/blogs\/exhibitions\/joana-schneider-eeuwen&#8221; url_new_window=&#8221;on&#8221; button_text=&#8221;Learn more&#8221; _builder_version=&#8221;4.27.6&#8243; _module_preset=&#8221;default&#8221; custom_button=&#8221;on&#8221; button_text_size=&#8221;16px&#8221; button_text_color=&#8221;#FFFFFF&#8221; button_bg_color=&#8221;#8A1002&#8243; button_border_width=&#8221;1px&#8221; button_border_color=&#8221;#8A1002&#8243; button_border_radius=&#8221;0px&#8221; button_font=&#8221;||on||||||&#8221; button_icon=&#8221;&#x39;||divi||400&#8243; button_icon_color=&#8221;#FFFFFF&#8221; button_icon_placement=&#8221;left&#8221; positioning=&#8221;absolute&#8221; position_origin_a=&#8221;bottom_left&#8221; vertical_offset=&#8221;-39px&#8221; horizontal_offset=&#8221;-1px&#8221; custom_margin=&#8221;||||false|false&#8221; hover_enabled=&#8221;0&#8243; locked=&#8221;off&#8221; global_colors_info=&#8221;{}&#8221; sticky_enabled=&#8221;0&#8243;][\/et_pb_button][\/et_pb_column][et_pb_column type=&#8221;1_2&#8243; module_class=&#8221;custom-slider-column-large&#8221; _builder_version=&#8221;4.18.0&#8243; _module_preset=&#8221;default&#8221; border_width_all=&#8221;1px&#8221; border_color_all=&#8221;#8A1002&#8243; global_colors_info=&#8221;{}&#8221;][et_pb_slider show_pagination=&#8221;off&#8221; show_cta_on_mobile=&#8221;off&#8221; show_image_video_mobile=&#8221;on&#8221; module_class=&#8221;custom-slider-tile&#8221; _builder_version=&#8221;4.27.4&#8243; _module_preset=&#8221;default&#8221; body_text_align=&#8221;left&#8221; body_font_size=&#8221;16px&#8221; background_color=&#8221;RGBA(255,255,255,0)&#8221; custom_margin=&#8221;||-1px||false|false&#8221; custom_padding=&#8221;20px|20px|40px|20px|false|false&#8221; custom_css_slide_image=&#8221;width: 100%!important;||overflow: hidden;&#8221; border_color_all=&#8221;#8A1002&#8243; global_colors_info=&#8221;{}&#8221;][et_pb_slide image=&#8221;https:\/\/www.forum-museumsinsel.de\/wp-content\/uploads\/2025\/04\/Dan-Graham_Water-Play-for-Terrace-2008-2.webp&#8221; _builder_version=&#8221;4.27.4&#8243; _module_preset=&#8221;default&#8221; body_text_color=&#8221;#1A1A1A&#8221; global_colors_info=&#8221;{}&#8221; sticky_transition=&#8221;on&#8221;]<\/p>\n<p class=\"margin-Left-4 margin-Right-7 padding-Bottom-2\">OUTDOOR ART<\/p>\n<p class=\"margin-Left-4 margin-Right-7 padding-Bottom-2\">Telegraphenamt<br \/>Forum an der Museumsinsel 1, 10117 Berlin<\/p>\n<p class=\"margin-Left-4 margin-Right-7 padding-Bottom-2\"><strong>SCULPTURE PRESENTATION<\/strong><br \/><strong> JEPPE HEIN AND DAN GRAHAM<\/strong><\/p>\n<p class=\"margin-Left-4 margin-Right-7 padding-Bottom-2\"><a href=\"mailto:info@koeniggalerie.com\"><\/a><em style=\"font-size: 14px;\">Dan Graham, Water Play for Terrace, 2008<br \/>Images: Roman M\u00e4rz \u00a9 Courtesy of the artists and K\u00d6NIG GALERIE<\/em><\/p>\n<p>[\/et_pb_slide][et_pb_slide image=&#8221;https:\/\/www.forum-museumsinsel.de\/wp-content\/uploads\/2025\/04\/Dan-Graham_Water-Play-for-Terrace-2008-3.webp&#8221; _builder_version=&#8221;4.27.4&#8243; _module_preset=&#8221;default&#8221; body_text_color=&#8221;#1A1A1A&#8221; global_colors_info=&#8221;{}&#8221; sticky_transition=&#8221;on&#8221;]<\/p>\n<p class=\"margin-Left-4 margin-Right-7 padding-Bottom-2\">OUTDOOR ART<\/p>\n<p class=\"margin-Left-4 margin-Right-7 padding-Bottom-2\">Telegraphenamt<br \/>Forum an der Museumsinsel 1, 10117 Berlin<\/p>\n<p class=\"margin-Left-4 margin-Right-7 padding-Bottom-2\"><strong>SCULPTURE PRESENTATION<\/strong><br \/><strong> JEPPE HEIN AND DAN GRAHAM<\/strong><\/p>\n<p class=\"margin-Left-4 margin-Right-7 padding-Bottom-2\"><em style=\"font-size: 14px;\">Dan Graham, Water Play for Terrace, 2008<br \/>Images: Roman M\u00e4rz \u00a9 Courtesy of the artists and K\u00d6NIG GALERIE<\/em><\/p>\n<p>[\/et_pb_slide][et_pb_slide image=&#8221;https:\/\/www.forum-museumsinsel.de\/wp-content\/uploads\/2025\/04\/Jeppe-Hein_Yellow-Modified-Social-Bench-_10-2021-3.webp&#8221; _builder_version=&#8221;4.27.4&#8243; _module_preset=&#8221;default&#8221; body_text_color=&#8221;#1A1A1A&#8221; global_colors_info=&#8221;{}&#8221; sticky_transition=&#8221;on&#8221;]<\/p>\n<p class=\"margin-Left-4 margin-Right-7 padding-Bottom-2\">OUTDOOR ART<\/p>\n<p class=\"margin-Left-4 margin-Right-7 padding-Bottom-2\">Telegraphenamt<br \/>Forum an der Museumsinsel 1, 10117 Berlin<\/p>\n<p class=\"margin-Left-4 margin-Right-7 padding-Bottom-2\"><strong>SCULPTURE PRESENTATION<\/strong><br \/><strong> JEPPE HEIN AND DAN GRAHAM<\/strong><\/p>\n<p class=\"margin-Left-4 margin-Right-7 padding-Bottom-2\"><em style=\"font-size: 14px;\">Jeppe Hein, Yellow Modified Social Bench, 2021<br \/>Images: Roman M\u00e4rz \u00a9 Courtesy of the artists and K\u00d6NIG GALERIE<\/em><\/p>\n<p>[\/et_pb_slide][et_pb_slide image=&#8221;https:\/\/www.forum-museumsinsel.de\/wp-content\/uploads\/2025\/04\/Jeppe-Hein_Light-Blue-Modified-Social-Bench-_01-2021-2.webp&#8221; _builder_version=&#8221;4.27.4&#8243; _module_preset=&#8221;default&#8221; body_text_color=&#8221;#1A1A1A&#8221; global_colors_info=&#8221;{}&#8221; sticky_transition=&#8221;on&#8221;]<\/p>\n<p class=\"margin-Left-4 margin-Right-7 padding-Bottom-2\">OUTDOOR ART<\/p>\n<p class=\"margin-Left-4 margin-Right-7 padding-Bottom-2\">Telegraphenamt<br \/>Forum an der Museumsinsel 1, 10117 Berlin<\/p>\n<p class=\"margin-Left-4 margin-Right-7 padding-Bottom-2\"><strong>SCULPTURE PRESENTATION<\/strong><br \/><strong> JEPPE HEIN AND DAN GRAHAM<\/strong><\/p>\n<p class=\"margin-Left-4 margin-Right-7 padding-Bottom-2\"><em style=\"font-size: 14px;\">Jeppe Hein, Light Blue Modified Social Bench, 2021<br \/>Images: Roman M\u00e4rz \u00a9 Courtesy of the artists and K\u00d6NIG GALERIE<\/em><\/p>\n<p>[\/et_pb_slide][et_pb_slide image=&#8221;https:\/\/www.forum-museumsinsel.de\/wp-content\/uploads\/2025\/04\/Jeppe-Hein_Orange-Modified-Social-Bench-_01-2021-4.webp&#8221; _builder_version=&#8221;4.27.4&#8243; _module_preset=&#8221;default&#8221; body_text_color=&#8221;#1A1A1A&#8221; global_colors_info=&#8221;{}&#8221; sticky_transition=&#8221;on&#8221;]<\/p>\n<p class=\"margin-Left-4 margin-Right-7 padding-Bottom-2\">OUTDOOR ART<\/p>\n<p class=\"margin-Left-4 margin-Right-7 padding-Bottom-2\">Telegraphenamt<br \/>Forum an der Museumsinsel 1, 10117 Berlin<\/p>\n<p class=\"margin-Left-4 margin-Right-7 padding-Bottom-2\"><strong>SCULPTURE PRESENTATION<\/strong><br \/><strong> JEPPE HEIN AND DAN GRAHAM<\/strong><\/p>\n<p class=\"margin-Left-4 margin-Right-7 padding-Bottom-2\"><em style=\"font-size: 14px;\">Jeppe Hein, Orange Modified Social Bench, 2021<br \/>Images: Roman M\u00e4rz \u00a9 Courtesy of the artists and K\u00d6NIG GALERIE<\/em><\/p>\n<p>[\/et_pb_slide][\/et_pb_slider][\/et_pb_column][\/et_pb_row][\/et_pb_section]<\/p>\n","protected":false},"excerpt":{"rendered":"<p>An art quarterbetween Museum Islandand the trendy district2024, Jingge Dong, Enraptured | K\u00d6NIG TELEGRAPHENAMTPhoto: Roman MaerzKunst im Forum an der MuseumsinselThe Forum on Museum Island, located between the traditional Bode Museum and the creative gallery district around Auguststrasse and Linienstrasse, is increasingly establishing itself as a new art location \u2013 not least due to the [&hellip;]<\/p>\n","protected":false},"author":1,"featured_media":0,"parent":0,"menu_order":0,"comment_status":"closed","ping_status":"closed","template":"","meta":{"_et_pb_use_builder":"on","_et_pb_old_content":"","_et_gb_content_width":"","inline_featured_image":false,"footnotes":""},"class_list":["post-2618","page","type-page","status-publish","hentry"],"yoast_head":"<!-- This site is optimized with the Yoast SEO plugin v27.4 - https:\/\/yoast.com\/product\/yoast-seo-wordpress\/ -->\n<title>Art - Forum an der Museumsinsel<\/title>\n<meta name=\"robots\" content=\"index, follow, max-snippet:-1, max-image-preview:large, max-video-preview:-1\" \/>\n<link rel=\"canonical\" href=\"https:\/\/www.forum-museumsinsel.de\/en\/art\/\" \/>\n<meta property=\"og:locale\" content=\"en_US\" \/>\n<meta property=\"og:type\" content=\"article\" \/>\n<meta property=\"og:title\" content=\"Art - Forum an der Museumsinsel\" \/>\n<meta property=\"og:description\" content=\"An art quarterbetween Museum Islandand the trendy district2024, Jingge Dong, Enraptured | K\u00d6NIG TELEGRAPHENAMTPhoto: Roman MaerzKunst im Forum an der MuseumsinselThe Forum on Museum Island, located between the traditional Bode Museum and the creative gallery district around Auguststrasse and Linienstrasse, is increasingly establishing itself as a new art location \u2013 not least due to the [&hellip;]\" \/>\n<meta property=\"og:url\" content=\"https:\/\/www.forum-museumsinsel.de\/en\/art\/\" \/>\n<meta property=\"og:site_name\" content=\"Forum an der Museumsinsel\" \/>\n<meta property=\"article:modified_time\" content=\"2026-03-12T14:44:59+00:00\" \/>\n<meta name=\"twitter:card\" content=\"summary_large_image\" \/>\n<meta name=\"twitter:label1\" content=\"Est. reading time\" \/>\n\t<meta name=\"twitter:data1\" content=\"8 minutes\" \/>\n<script type=\"application\/ld+json\" class=\"yoast-schema-graph\">{\"@context\":\"https:\\\/\\\/schema.org\",\"@graph\":[{\"@type\":\"WebPage\",\"@id\":\"https:\\\/\\\/www.forum-museumsinsel.de\\\/en\\\/art\\\/\",\"url\":\"https:\\\/\\\/www.forum-museumsinsel.de\\\/en\\\/art\\\/\",\"name\":\"Art - Forum an der Museumsinsel\",\"isPartOf\":{\"@id\":\"https:\\\/\\\/www.forum-museumsinsel.de\\\/en\\\/#website\"},\"datePublished\":\"2025-03-30T12:04:33+00:00\",\"dateModified\":\"2026-03-12T14:44:59+00:00\",\"breadcrumb\":{\"@id\":\"https:\\\/\\\/www.forum-museumsinsel.de\\\/en\\\/art\\\/#breadcrumb\"},\"inLanguage\":\"en-US\",\"potentialAction\":[{\"@type\":\"ReadAction\",\"target\":[\"https:\\\/\\\/www.forum-museumsinsel.de\\\/en\\\/art\\\/\"]}]},{\"@type\":\"BreadcrumbList\",\"@id\":\"https:\\\/\\\/www.forum-museumsinsel.de\\\/en\\\/art\\\/#breadcrumb\",\"itemListElement\":[{\"@type\":\"ListItem\",\"position\":1,\"name\":\"Startseite\",\"item\":\"https:\\\/\\\/www.forum-museumsinsel.de\\\/en\\\/\"},{\"@type\":\"ListItem\",\"position\":2,\"name\":\"Art\"}]},{\"@type\":\"WebSite\",\"@id\":\"https:\\\/\\\/www.forum-museumsinsel.de\\\/en\\\/#website\",\"url\":\"https:\\\/\\\/www.forum-museumsinsel.de\\\/en\\\/\",\"name\":\"Forum an der Museumsinsel\",\"description\":\"Schnittstelle zwischen Kultur und Szene im Herzen Berlins\",\"potentialAction\":[{\"@type\":\"SearchAction\",\"target\":{\"@type\":\"EntryPoint\",\"urlTemplate\":\"https:\\\/\\\/www.forum-museumsinsel.de\\\/en\\\/?s={search_term_string}\"},\"query-input\":{\"@type\":\"PropertyValueSpecification\",\"valueRequired\":true,\"valueName\":\"search_term_string\"}}],\"inLanguage\":\"en-US\"}]}<\/script>\n<!-- \/ Yoast SEO plugin. -->","yoast_head_json":{"title":"Art - Forum an der Museumsinsel","robots":{"index":"index","follow":"follow","max-snippet":"max-snippet:-1","max-image-preview":"max-image-preview:large","max-video-preview":"max-video-preview:-1"},"canonical":"https:\/\/www.forum-museumsinsel.de\/en\/art\/","og_locale":"en_US","og_type":"article","og_title":"Art - Forum an der Museumsinsel","og_description":"An art quarterbetween Museum Islandand the trendy district2024, Jingge Dong, Enraptured | K\u00d6NIG TELEGRAPHENAMTPhoto: Roman MaerzKunst im Forum an der MuseumsinselThe Forum on Museum Island, located between the traditional Bode Museum and the creative gallery district around Auguststrasse and Linienstrasse, is increasingly establishing itself as a new art location \u2013 not least due to the [&hellip;]","og_url":"https:\/\/www.forum-museumsinsel.de\/en\/art\/","og_site_name":"Forum an der Museumsinsel","article_modified_time":"2026-03-12T14:44:59+00:00","twitter_card":"summary_large_image","twitter_misc":{"Est. reading time":"8 minutes"},"schema":{"@context":"https:\/\/schema.org","@graph":[{"@type":"WebPage","@id":"https:\/\/www.forum-museumsinsel.de\/en\/art\/","url":"https:\/\/www.forum-museumsinsel.de\/en\/art\/","name":"Art - Forum an der Museumsinsel","isPartOf":{"@id":"https:\/\/www.forum-museumsinsel.de\/en\/#website"},"datePublished":"2025-03-30T12:04:33+00:00","dateModified":"2026-03-12T14:44:59+00:00","breadcrumb":{"@id":"https:\/\/www.forum-museumsinsel.de\/en\/art\/#breadcrumb"},"inLanguage":"en-US","potentialAction":[{"@type":"ReadAction","target":["https:\/\/www.forum-museumsinsel.de\/en\/art\/"]}]},{"@type":"BreadcrumbList","@id":"https:\/\/www.forum-museumsinsel.de\/en\/art\/#breadcrumb","itemListElement":[{"@type":"ListItem","position":1,"name":"Startseite","item":"https:\/\/www.forum-museumsinsel.de\/en\/"},{"@type":"ListItem","position":2,"name":"Art"}]},{"@type":"WebSite","@id":"https:\/\/www.forum-museumsinsel.de\/en\/#website","url":"https:\/\/www.forum-museumsinsel.de\/en\/","name":"Forum an der Museumsinsel","description":"Schnittstelle zwischen Kultur und Szene im Herzen Berlins","potentialAction":[{"@type":"SearchAction","target":{"@type":"EntryPoint","urlTemplate":"https:\/\/www.forum-museumsinsel.de\/en\/?s={search_term_string}"},"query-input":{"@type":"PropertyValueSpecification","valueRequired":true,"valueName":"search_term_string"}}],"inLanguage":"en-US"}]}},"_links":{"self":[{"href":"https:\/\/www.forum-museumsinsel.de\/en\/wp-json\/wp\/v2\/pages\/2618","targetHints":{"allow":["GET"]}}],"collection":[{"href":"https:\/\/www.forum-museumsinsel.de\/en\/wp-json\/wp\/v2\/pages"}],"about":[{"href":"https:\/\/www.forum-museumsinsel.de\/en\/wp-json\/wp\/v2\/types\/page"}],"author":[{"embeddable":true,"href":"https:\/\/www.forum-museumsinsel.de\/en\/wp-json\/wp\/v2\/users\/1"}],"replies":[{"embeddable":true,"href":"https:\/\/www.forum-museumsinsel.de\/en\/wp-json\/wp\/v2\/comments?post=2618"}],"version-history":[{"count":22,"href":"https:\/\/www.forum-museumsinsel.de\/en\/wp-json\/wp\/v2\/pages\/2618\/revisions"}],"predecessor-version":[{"id":3182,"href":"https:\/\/www.forum-museumsinsel.de\/en\/wp-json\/wp\/v2\/pages\/2618\/revisions\/3182"}],"wp:attachment":[{"href":"https:\/\/www.forum-museumsinsel.de\/en\/wp-json\/wp\/v2\/media?parent=2618"}],"curies":[{"name":"wp","href":"https:\/\/api.w.org\/{rel}","templated":true}]}}